{"id":4298,"date":"2023-12-13T16:18:18","date_gmt":"2023-12-13T16:18:18","guid":{"rendered":"https:\/\/vstt.ch\/stt24-anmeldung-online\/"},"modified":"2025-12-18T11:05:47","modified_gmt":"2025-12-18T11:05:47","slug":"stt-anmeldung-online","status":"publish","type":"page","link":"https:\/\/vstt.ch\/fr\/stt-anmeldung-online\/","title":{"rendered":"STT: Anmeldung Online"},"content":{"rendered":"\t\t<div data-elementor-type=\"wp-page\" data-elementor-id=\"4298\" class=\"elementor elementor-4298 elementor-4274\">\n\t\t\t\t<div class=\"elementor-element elementor-element-b2ca66a e-flex e-con-boxed e-con e-parent\" data-id=\"b2ca66a\" data-element_type=\"container\" data-settings=\"{&quot;grandconference_ext_is_background_parallax&quot;:&quot;false&quot;,&quot;grandconference_ext_is_background_backdrop&quot;:&quot;false&quot;,&quot;grandconference_ext_is_background_on_scroll&quot;:&quot;false&quot;,&quot;grandconference_ext_link_sidemenu&quot;:&quot;false&quot;,&quot;grandconference_ext_link_fullmenu&quot;:&quot;false&quot;,&quot;grandconference_ext_link_closed_fullmenu&quot;:&quot;false&quot;,&quot;grandconference_ext_link_closed_speaker&quot;:&quot;false&quot;,&quot;grandconference_ext_is_sticky&quot;:&quot;false&quot;,&quot;grandconference_ext_is_scrollme&quot;:&quot;false&quot;,&quot;grandconference_ext_is_smoove&quot;:&quot;false&quot;,&quot;grandconference_ext_is_parallax_mouse&quot;:&quot;false&quot;,&quot;grandconference_ext_is_infinite&quot;:&quot;false&quot;,&quot;grandconference_ext_is_fadeout_animation&quot;:&quot;false&quot;,&quot;grandconference_ext_mobile_static&quot;:&quot;false&quot;}\">\n\t\t\t\t\t<div class=\"e-con-inner\">\n\t\t\t\t<div class=\"elementor-element elementor-element-2f4e017 elementor-widget elementor-widget-text-editor\" data-id=\"2f4e017\" data-element_type=\"widget\" data-settings=\"{&quot;grandconference_ext_link_sidemenu&quot;:&quot;false&quot;,&quot;grandconference_ext_link_fullmenu&quot;:&quot;false&quot;,&quot;grandconference_ext_link_closed_fullmenu&quot;:&quot;false&quot;,&quot;grandconference_ext_link_closed_speaker&quot;:&quot;false&quot;,&quot;grandconference_ext_is_sticky&quot;:&quot;false&quot;,&quot;grandconference_ext_is_scrollme&quot;:&quot;false&quot;,&quot;grandconference_ext_is_smoove&quot;:&quot;false&quot;,&quot;grandconference_ext_is_parallax_mouse&quot;:&quot;false&quot;,&quot;grandconference_ext_is_infinite&quot;:&quot;false&quot;,&quot;grandconference_ext_is_fadeout_animation&quot;:&quot;false&quot;,&quot;grandconference_ext_mobile_static&quot;:&quot;false&quot;}\" data-widget_type=\"text-editor.default\">\n\t\t\t\t<div class=\"elementor-widget-container\">\n\t\t\t\t\t\t\t\t\t<h1>Inscription<\/h1><p><a class=\"button btn-default\" href=\"https:\/\/stt26.viva-events.ch\/frontend\/index.php?page_id=6518\" target=\"_blank\" rel=\"noopener\">Formulaire d&rsquo;inscription<\/a><\/p><p>Pour obtenir les heures de formation (HF), il est obligatoire d\u2019indiquer le num\u00e9ro de membre SVS lors de l\u2019inscription en ligne. Veuillez tenir \u00e0 disposition votre num\u00e9ro de membre SVS. \u00a0<\/p><h2>Prix<\/h2><p>Les cartes comprennent l&rsquo;ac\u00e8ss au congr\u00e8s, y compris pauses-caf\u00e9, restauration \u00e0 midi et l&rsquo;acc\u00e8s \u00e0 l&rsquo;exposition industrielle pour les jours pay\u00e9s.<\/p><p>\u00cates-vous d\u00e9j\u00e0 membre du SVS ?\u00a0<a href=\"https:\/\/www.gstsvs.ch\/fr\/la-svs\/affiliation-a-la-svs\" target=\"_blank\" rel=\"noopener\">Devenez membre du SVS<\/a> et profitez des tarifs speciaux pour des membres SVS.<\/p><p>Concernant les prix pour les \u00ab\u00a0Vorkongresse\u00a0\u00bb, veuillez visiter\u00a0<a href=\"https:\/\/vstt.ch\/fr\/onglet-agenda\/\" rel=\"lancelink\">le programme du 6 mai 2026<\/a>.<\/p><table id=\"tabelle\" border=\"0\" cellspacing=\"1\" cellpadding=\"3\"><tbody><tr><td colspan=\"3\" valign=\"top\"><strong>Carte journali\u00e8re<br \/><\/strong>Jeudi, 7 mai 2026 ou vendredi, 8 mai 2026<\/td><\/tr><tr><td valign=\"top\" bgcolor=\"#dddddd\" width=\"250\">\u00a0<\/td><td valign=\"top\" bgcolor=\"#dddddd\" width=\"250\"><strong>Inscription pr\u00e9coce<\/strong><br \/><strong>jusqu\u2019au 31 mars 2026<\/strong><\/td><td valign=\"top\" bgcolor=\"#dddddd\" width=\"250\"><strong>Tarif normal<\/strong><br \/><strong>du 1 avril 2026<\/strong><\/td><\/tr><tr><td valign=\"top\" bgcolor=\"#dddddd\" width=\"250\">Non membre SVS<\/td><td valign=\"top\" bgcolor=\"#dddddd\" width=\"250\"><span lang=\"FR-CH\">CHF 400.-<\/span><\/td><td valign=\"top\" bgcolor=\"#dddddd\" width=\"250\"><span lang=\"FR-CH\">CHF 510.-<\/span><\/td><\/tr><tr><td valign=\"top\" bgcolor=\"#dddddd\" width=\"250\">Membre SVS<\/td><td valign=\"top\" bgcolor=\"#dddddd\" width=\"250\"><span lang=\"FR-CH\">CHF 315.-<\/span><\/td><td valign=\"top\" bgcolor=\"#dddddd\" width=\"250\"><span lang=\"FR-CH\">CHF 385<\/span>.\u2013<\/td><\/tr><tr><td valign=\"top\" bgcolor=\"#dddddd\" width=\"250\"><span lang=\"FR-CH\">Etudiants (Joindre copie de la\u00a0carte d\u2019\u00e9tudiant)<\/span><\/td><td valign=\"top\" bgcolor=\"#dddddd\" width=\"250\"><span lang=\"FR-CH\">CHF 200.-\u00a0<\/span><\/td><td valign=\"top\" bgcolor=\"#dddddd\" width=\"250\">CHF 200.-<\/td><\/tr><tr><td valign=\"top\" bgcolor=\"#dddddd\" width=\"250\"><span lang=\"FR-CH\">AMV** (07\/05\/2026)<\/span><\/td><td valign=\"top\" bgcolor=\"#dddddd\" width=\"250\"><span lang=\"FR-CH\">CHF 120.- **<\/span><\/td><td valign=\"top\" bgcolor=\"#dddddd\" width=\"250\">CHF 120.-**<\/td><\/tr><\/tbody><\/table><table id=\"tabelle\" border=\"0\" cellspacing=\"1\" cellpadding=\"3\"><tbody><tr><td colspan=\"3\" valign=\"top\"><p>**Prix valable exclusivement pour les AMV pour la participation au Track AMV du jeudi, 07 mai 2026.<\/p><p><b>Carte congr\u00e8s<br \/><\/b>Jeudi, 7 mai 2026 et vendredi, 8 mai 2026<\/p><\/td><\/tr><tr><td valign=\"top\" bgcolor=\"#dddddd\" width=\"250\">\u00a0<\/td><td valign=\"top\" bgcolor=\"#dddddd\" width=\"250\"><strong>Inscription pr\u00e9coce<\/strong><br \/><strong>jusqu\u2019au 31 mars 2026<\/strong><\/td><td valign=\"top\" bgcolor=\"#dddddd\" width=\"250\"><strong>Tarif normal<\/strong><br \/><strong>du 1 avril 2026<\/strong><\/td><\/tr><tr><td valign=\"top\" bgcolor=\"#dddddd\" width=\"250\">Non membre SVS<\/td><td valign=\"top\" bgcolor=\"#dddddd\" width=\"250\"><span lang=\"FR-CH\">CHF 675.-<\/span><\/td><td valign=\"top\" bgcolor=\"#dddddd\" width=\"250\"><span lang=\"FR-CH\">CHF 845.-<\/span><\/td><\/tr><tr><td valign=\"top\" bgcolor=\"#dddddd\" width=\"250\">Membre SVS<\/td><td valign=\"top\" bgcolor=\"#dddddd\" width=\"250\"><span lang=\"FR-CH\">CHF 500.-<\/span><\/td><td valign=\"top\" bgcolor=\"#dddddd\" width=\"250\"><span lang=\"FR-CH\">CHF 635<\/span>.\u2013<\/td><\/tr><tr><td valign=\"top\" bgcolor=\"#dddddd\" width=\"250\">Etudiants (Joindre copie de la\u00a0carte d\u2019\u00e9tudiant)<\/td><td valign=\"top\" bgcolor=\"#dddddd\" width=\"250\"><span lang=\"FR-CH\">CHF 300.-\u00a0<\/span><\/td><td valign=\"top\" bgcolor=\"#dddddd\" width=\"250\">CHF 300.-<\/td><\/tr><\/tbody><\/table><table id=\"tabelle\" border=\"0\" cellspacing=\"1\" cellpadding=\"3\"><tbody><tr><td colspan=\"3\" valign=\"top\" width=\"404\"><strong>D\u00eener du congr\u00e8s<\/strong><\/td><\/tr><tr><td valign=\"top\" bgcolor=\"#dddddd\" width=\"250\"><strong>Jeudi, 7 mai 2026<\/strong><br \/><strong><br \/><\/strong><\/td><td colspan=\"2\" valign=\"top\" bgcolor=\"#dddddd\" width=\"250\">par participant(e) CHF 85.\u2013<\/td><\/tr><\/tbody><\/table><p>Tous les prix compris le TVA (8.1%).<\/p><p><strong>Conditions g\u00e9n\u00e9rales<br \/><\/strong><\/p><p>Inscription jusq&rsquo;au 30 Avril 2026, via le bon d&rsquo;inscription dans le flyer ou en ligne. D\u00e8s r\u00e9ception de votre inscription, vous recevrez votre confirmation de r\u00e9servation ainsi que votre facture par courriel.<br \/>Les cartes journali\u00e8res et congr\u00e8s comprennent l&rsquo;acc\u00e8ss au congr\u00e8s et \u00e0 l&rsquo;exposition, y compris pauses-caf\u00e9 et restauration au midi.<br \/>En vous inscrivant, vous acceptez les conditions g\u00e9n\u00e9rales (CG) que vous pourrez consulter en cliquant\u00a0<a href=\"https:\/\/vstt.ch\/fr\/stt-agb\/\" rel=\"lancelink\">ici<\/a>.<\/p><p><strong>Conditions d\u2018annulation de l\u2018enregistrement<br \/><\/strong>En cas d&rsquo;annulation avant le 31 mars 2026 (date du cachet de la poste ou de r\u00e9ception du courrier \u00e9lectronique), des frais de 80,00 CHF seront factur\u00e9s. Apr\u00e8s cette date, le montant total de la facture sera factur\u00e9 en cas d&rsquo;annulation.<\/p><p>Les annulations sont \u00e0 renvoyer par e-mail \u00e0 l\u2019adresse\u00a0<span id=\"cloak44d369ca6b6275cb8cfd93fb874fc6b0\"><a href=\"mailto:stt26@viva-management.ch\">stt26@viva-management.ch<\/a><\/span> ou par \u00e9crit \u00e0 Viva Management GmbH, STT 2026, Kramgasse 16, 3011 Berne, Suisse. Les remboursements seront cr\u00e9dit\u00e9s sur carte de cr\u00e9dit ou par virement bancaire.<\/p>\t\t\t\t\t\t\t\t<\/div>\n\t\t\t\t<\/div>\n\t\t\t\t\t<\/div>\n\t\t\t\t<\/div>\n\t\t\t\t<\/div>\n\t\t","protected":false},"excerpt":{"rendered":"<p>Inscription Formulaire d&rsquo;inscription Pour obtenir les heures de formation (HF), il est obligatoire d\u2019indiquer le num\u00e9ro de membre SVS lors de l\u2019inscription en ligne. Veuillez tenir \u00e0 disposition votre num\u00e9ro de membre SVS. \u00a0 Prix Les cartes comprennent l&rsquo;ac\u00e8ss au [&hellip;]<\/p>\n","protected":false},"author":1,"featured_media":0,"parent":0,"menu_order":0,"comment_status":"closed","ping_status":"closed","template":"","meta":{"_monsterinsights_skip_tracking":false,"_monsterinsights_sitenote_active":false,"_monsterinsights_sitenote_note":"","_monsterinsights_sitenote_category":0,"footnotes":""},"class_list":["post-4298","page","type-page","status-publish","hentry"],"_links":{"self":[{"href":"https:\/\/vstt.ch\/fr\/wp-json\/wp\/v2\/pages\/4298","targetHints":{"allow":["GET"]}}],"collection":[{"href":"https:\/\/vstt.ch\/fr\/wp-json\/wp\/v2\/pages"}],"about":[{"href":"https:\/\/vstt.ch\/fr\/wp-json\/wp\/v2\/types\/page"}],"author":[{"embeddable":true,"href":"https:\/\/vstt.ch\/fr\/wp-json\/wp\/v2\/users\/1"}],"replies":[{"embeddable":true,"href":"https:\/\/vstt.ch\/fr\/wp-json\/wp\/v2\/comments?post=4298"}],"version-history":[{"count":59,"href":"https:\/\/vstt.ch\/fr\/wp-json\/wp\/v2\/pages\/4298\/revisions"}],"predecessor-version":[{"id":7450,"href":"https:\/\/vstt.ch\/fr\/wp-json\/wp\/v2\/pages\/4298\/revisions\/7450"}],"wp:attachment":[{"href":"https:\/\/vstt.ch\/fr\/wp-json\/wp\/v2\/media?parent=4298"}],"curies":[{"name":"wp","href":"https:\/\/api.w.org\/{rel}","templated":true}]}}