{"id":4348,"date":"2023-12-18T15:48:22","date_gmt":"2023-12-18T15:48:22","guid":{"rendered":"https:\/\/vstt.ch\/?page_id=4348"},"modified":"2023-12-20T15:30:59","modified_gmt":"2023-12-20T15:30:59","slug":"stt-agb","status":"publish","type":"page","link":"https:\/\/vstt.ch\/fr\/stt-agb\/","title":{"rendered":"STT &#8211; AGB"},"content":{"rendered":"\t\t<div data-elementor-type=\"wp-page\" data-elementor-id=\"4348\" class=\"elementor elementor-4348\">\n\t\t\t\t<div class=\"elementor-element elementor-element-d2e6dc6 e-flex e-con-boxed e-con e-parent\" data-id=\"d2e6dc6\" data-element_type=\"container\" data-settings=\"{&quot;grandconference_ext_is_background_parallax&quot;:&quot;false&quot;,&quot;grandconference_ext_is_background_backdrop&quot;:&quot;false&quot;,&quot;grandconference_ext_is_background_on_scroll&quot;:&quot;false&quot;,&quot;grandconference_ext_link_sidemenu&quot;:&quot;false&quot;,&quot;grandconference_ext_link_fullmenu&quot;:&quot;false&quot;,&quot;grandconference_ext_link_closed_fullmenu&quot;:&quot;false&quot;,&quot;grandconference_ext_link_closed_speaker&quot;:&quot;false&quot;,&quot;grandconference_ext_is_sticky&quot;:&quot;false&quot;,&quot;grandconference_ext_is_scrollme&quot;:&quot;false&quot;,&quot;grandconference_ext_is_smoove&quot;:&quot;false&quot;,&quot;grandconference_ext_is_parallax_mouse&quot;:&quot;false&quot;,&quot;grandconference_ext_is_infinite&quot;:&quot;false&quot;,&quot;grandconference_ext_is_fadeout_animation&quot;:&quot;false&quot;,&quot;grandconference_ext_mobile_static&quot;:&quot;false&quot;}\">\n\t\t\t\t\t<div class=\"e-con-inner\">\n\t\t\t\t<div class=\"elementor-element elementor-element-690d22a elementor-widget elementor-widget-text-editor\" data-id=\"690d22a\" data-element_type=\"widget\" data-settings=\"{&quot;grandconference_ext_link_sidemenu&quot;:&quot;false&quot;,&quot;grandconference_ext_link_fullmenu&quot;:&quot;false&quot;,&quot;grandconference_ext_link_closed_fullmenu&quot;:&quot;false&quot;,&quot;grandconference_ext_link_closed_speaker&quot;:&quot;false&quot;,&quot;grandconference_ext_is_sticky&quot;:&quot;false&quot;,&quot;grandconference_ext_is_scrollme&quot;:&quot;false&quot;,&quot;grandconference_ext_is_smoove&quot;:&quot;false&quot;,&quot;grandconference_ext_is_parallax_mouse&quot;:&quot;false&quot;,&quot;grandconference_ext_is_infinite&quot;:&quot;false&quot;,&quot;grandconference_ext_is_fadeout_animation&quot;:&quot;false&quot;,&quot;grandconference_ext_mobile_static&quot;:&quot;false&quot;}\" data-widget_type=\"text-editor.default\">\n\t\t\t\t<div class=\"elementor-widget-container\">\n\t\t\t\t\t\t\t\t\t<h1><strong>Conditions g\u00e9n\u00e9rales\u00a0<\/strong><\/h1><div>\u00a0<\/div><div>Vous enregistrez ici votre participation \u00e0 l\u2019\u00e9v\u00e8nement et vous vous engagez \u00e0 respecter les conditions de paiement susmentionn\u00e9.<\/div><div>J\u2019accepte que mes donn\u00e9es personnelles figurent sur la liste des participants \u00e0 l\u2019\u00e9v\u00e8nement et soient trait\u00e9es par l\u2019organisateur, ses partenaires et l\u2019agence charg\u00e9e d\u2019organiser l\u2019\u00e9v\u00e8nement dans un but d\u2019organisation. Je donne mon consentement \u00e0 la parution de toutes les photographies, sur lesquelles j\u2019appara\u00eetrais qui sont pris lors de l&rsquo;\u00e9v\u00e8nement sans indications personnelles. Ces photos sont la propri\u00e9t\u00e9 de l&rsquo;organisateur de l&rsquo;\u00e9v\u00e8nement et peuvent \u00eatre publi\u00e9s par l&rsquo;organisateur de l&rsquo;\u00e9v\u00e8nement ou par ses agents sans droit \u00e0 une r\u00e9mun\u00e9ration. Les directives suisses en mati\u00e8re de protection des donn\u00e9es s\u2019appliquent. L\u2019organisateur et ses partenaires assument toute responsabilit\u00e9 en cas de violation des donn\u00e9es par des tiers, en particulier pour cause de cybercriminalit\u00e9, hame\u00e7onnage ou autre activit\u00e9 ill\u00e9gale.<\/div><div>J\u2019accepte que le programme d\u2019\u00e9v\u00e8nement puisse \u00eatre modifi\u00e9 pour des raisons impr\u00e9vues, y compris \u00e0 la derni\u00e8re minute, sans que l\u2019organisateur puisse en \u00eatre tenu responsable.\u00a0En cas d&rsquo;\u00e9v\u00e9nements politiques, s\u00e9curitaires, \u00e9conomiques ou \u00e9pid\u00e9miques impr\u00e9vus ou de force majeure qui rendent impossible ou difficile la tenue de l&rsquo;\u00e9v\u00e9nement, le participant n&rsquo;a droit \u00e0 aucune indemnisation, quelle qu&rsquo;elle soit. Il revient \u00e0 chaque participant(e) de conclure les assurances n\u00e9cessaires.<\/div><div>J\u2019accepte que l\u2019organisateur et ses partenaires ne puissent pas \u00eatre tenus pour responsables des pertes ou des atteintes \u00e0 la propri\u00e9t\u00e9 des participant(e)s pendant l\u2019\u00e9v\u00e8nement.<\/div><div>\u00a0<\/div>\t\t\t\t\t\t\t\t<\/div>\n\t\t\t\t<\/div>\n\t\t\t\t\t<\/div>\n\t\t\t\t<\/div>\n\t\t\t\t<\/div>\n\t\t","protected":false},"excerpt":{"rendered":"<p>Conditions g\u00e9n\u00e9rales\u00a0 \u00a0Vous enregistrez ici votre participation \u00e0 l\u2019\u00e9v\u00e8nement et vous vous engagez \u00e0 respecter les conditions de paiement susmentionn\u00e9.J\u2019accepte que mes donn\u00e9es personnelles figurent sur la liste des participants \u00e0 l\u2019\u00e9v\u00e8nement et soient trait\u00e9es par l\u2019organisateur, ses partenaires et [&hellip;]<\/p>\n","protected":false},"author":1,"featured_media":0,"parent":0,"menu_order":0,"comment_status":"closed","ping_status":"closed","template":"","meta":{"_monsterinsights_skip_tracking":false,"_monsterinsights_sitenote_active":false,"_monsterinsights_sitenote_note":"","_monsterinsights_sitenote_category":0,"footnotes":""},"class_list":["post-4348","page","type-page","status-publish","hentry"],"_links":{"self":[{"href":"https:\/\/vstt.ch\/fr\/wp-json\/wp\/v2\/pages\/4348","targetHints":{"allow":["GET"]}}],"collection":[{"href":"https:\/\/vstt.ch\/fr\/wp-json\/wp\/v2\/pages"}],"about":[{"href":"https:\/\/vstt.ch\/fr\/wp-json\/wp\/v2\/types\/page"}],"author":[{"embeddable":true,"href":"https:\/\/vstt.ch\/fr\/wp-json\/wp\/v2\/users\/1"}],"replies":[{"embeddable":true,"href":"https:\/\/vstt.ch\/fr\/wp-json\/wp\/v2\/comments?post=4348"}],"version-history":[{"count":7,"href":"https:\/\/vstt.ch\/fr\/wp-json\/wp\/v2\/pages\/4348\/revisions"}],"predecessor-version":[{"id":4405,"href":"https:\/\/vstt.ch\/fr\/wp-json\/wp\/v2\/pages\/4348\/revisions\/4405"}],"wp:attachment":[{"href":"https:\/\/vstt.ch\/fr\/wp-json\/wp\/v2\/media?parent=4348"}],"curies":[{"name":"wp","href":"https:\/\/api.w.org\/{rel}","templated":true}]}}