{"id":4460,"date":"2024-01-22T08:01:38","date_gmt":"2024-01-22T08:01:38","guid":{"rendered":"https:\/\/vstt.ch\/dinner-party\/"},"modified":"2025-12-17T11:01:00","modified_gmt":"2025-12-17T11:01:00","slug":"dinner-party","status":"publish","type":"page","link":"https:\/\/vstt.ch\/fr\/dinner-party\/","title":{"rendered":"Dinner Party"},"content":{"rendered":"\t\t<div data-elementor-type=\"wp-page\" data-elementor-id=\"4460\" class=\"elementor elementor-4460 elementor-4457\">\n\t\t\t\t\t\t<section class=\"elementor-section elementor-top-section elementor-element elementor-element-3a1a189a elementor-section-height-full elementor-section-stretched elementor-section-boxed elementor-section-height-default elementor-section-items-middle\" data-id=\"3a1a189a\" data-element_type=\"section\" data-settings=\"{&quot;stretch_section&quot;:&quot;section-stretched&quot;,&quot;background_background&quot;:&quot;slideshow&quot;,&quot;grandconference_ext_is_background_parallax&quot;:&quot;true&quot;,&quot;background_slideshow_gallery&quot;:[{&quot;id&quot;:7144,&quot;url&quot;:&quot;https:\\\/\\\/vstt.ch\\\/wp-content\\\/uploads\\\/2025\\\/12\\\/Allmend_3_Copyright_-BERNEXPOWeb.jpg&quot;}],&quot;background_slideshow_loop&quot;:&quot;yes&quot;,&quot;background_slideshow_slide_duration&quot;:5000,&quot;background_slideshow_slide_transition&quot;:&quot;fade&quot;,&quot;background_slideshow_transition_duration&quot;:500,&quot;grandconference_ext_is_background_parallax_speed&quot;:{&quot;unit&quot;:&quot;px&quot;,&quot;size&quot;:0.8000000000000000444089209850062616169452667236328125,&quot;sizes&quot;:[]},&quot;grandconference_ext_is_background_backdrop&quot;:&quot;false&quot;,&quot;grandconference_ext_is_background_on_scroll&quot;:&quot;false&quot;}\">\n\t\t\t\t\t\t\t<div class=\"elementor-background-overlay\"><\/div>\n\t\t\t\t\t\t\t<div class=\"elementor-container elementor-column-gap-default\">\n\t\t\t\t\t<div class=\"elementor-column elementor-col-100 elementor-top-column elementor-element elementor-element-6000d0c4\" data-id=\"6000d0c4\" data-element_type=\"column\" data-settings=\"{&quot;grandconference_ext_link_sidemenu&quot;:&quot;false&quot;,&quot;grandconference_ext_link_fullmenu&quot;:&quot;false&quot;,&quot;grandconference_ext_link_closed_fullmenu&quot;:&quot;false&quot;,&quot;grandconference_ext_link_closed_speaker&quot;:&quot;false&quot;,&quot;grandconference_ext_is_sticky&quot;:&quot;false&quot;,&quot;grandconference_ext_is_scrollme&quot;:&quot;false&quot;,&quot;grandconference_ext_is_smoove&quot;:&quot;false&quot;,&quot;grandconference_ext_is_parallax_mouse&quot;:&quot;false&quot;,&quot;grandconference_ext_is_infinite&quot;:&quot;false&quot;,&quot;grandconference_ext_is_fadeout_animation&quot;:&quot;false&quot;,&quot;grandconference_ext_mobile_static&quot;:&quot;false&quot;}\">\n\t\t\t<div class=\"elementor-widget-wrap elementor-element-populated\">\n\t\t\t\t\t\t<div class=\"elementor-element elementor-element-70e41392 elementor-widget elementor-widget-heading\" data-id=\"70e41392\" data-element_type=\"widget\" data-settings=\"{&quot;grandconference_ext_link_sidemenu&quot;:&quot;false&quot;,&quot;grandconference_ext_link_fullmenu&quot;:&quot;false&quot;,&quot;grandconference_ext_link_closed_fullmenu&quot;:&quot;false&quot;,&quot;grandconference_ext_link_closed_speaker&quot;:&quot;false&quot;,&quot;grandconference_ext_is_sticky&quot;:&quot;false&quot;,&quot;grandconference_ext_is_scrollme&quot;:&quot;false&quot;,&quot;grandconference_ext_is_parallax_mouse&quot;:&quot;false&quot;,&quot;grandconference_ext_is_infinite&quot;:&quot;false&quot;,&quot;grandconference_ext_mobile_static&quot;:&quot;false&quot;}\" data-widget_type=\"heading.default\">\n\t\t\t\t<div class=\"elementor-widget-container\">\n\t\t\t\t\t<h1 class=\"elementor-heading-title elementor-size-default\">Dinner Party\n<\/h1>\t\t\t\t<\/div>\n\t\t\t\t<\/div>\n\t\t\t\t<div class=\"elementor-element elementor-element-753cbc0c elementor-widget__width-initial elementor-widget elementor-widget-text-editor\" data-id=\"753cbc0c\" data-element_type=\"widget\" data-settings=\"{&quot;grandconference_ext_link_sidemenu&quot;:&quot;false&quot;,&quot;grandconference_ext_link_fullmenu&quot;:&quot;false&quot;,&quot;grandconference_ext_link_closed_fullmenu&quot;:&quot;false&quot;,&quot;grandconference_ext_link_closed_speaker&quot;:&quot;false&quot;,&quot;grandconference_ext_is_sticky&quot;:&quot;false&quot;,&quot;grandconference_ext_is_scrollme&quot;:&quot;false&quot;,&quot;grandconference_ext_is_parallax_mouse&quot;:&quot;false&quot;,&quot;grandconference_ext_is_infinite&quot;:&quot;false&quot;,&quot;grandconference_ext_is_fadeout_animation&quot;:&quot;false&quot;,&quot;grandconference_ext_mobile_static&quot;:&quot;false&quot;}\" data-widget_type=\"text-editor.default\">\n\t\t\t\t<div class=\"elementor-widget-container\">\n\t\t\t\t\t\t\t\t\t<p>Jeudi, 07 mai 2026 \u2219 18h00<br \/>Participez \u00e0 la l\u00e9gendaire soir\u00e9e du congr\u00e8s. Laissez-vous g\u00e2ter sur le plan culinaire , profitez du temps pour \u00e9changer avec vos coll\u00e8gues et, apr\u00e8s le d\u00eener, \u00e9coutez et dansez au son de la DJane Lollipop.<\/p><p><strong>Inscription et co\u00fbts<\/strong><br \/>CHF 85.\u2013 par personne incluant un menu \u00e0 plusieurs plats incluant des boissons (boissons sans alcool et vin). Les accompagnants sont chaleureusement invit\u00e9s \u00e0 participer au d\u00eener du congr\u00e8s (CHF 85.\u2013 par accompagnant).<br \/>Les inscriptions sont enregistr\u00e9es par ordre de r\u00e9ception.<\/p><p><strong>Lieu :<\/strong> <a href=\"https:\/\/www.restaurantallmendbern.ch\/\"><strong>Restaurant &amp; Bar ALLMEND<\/strong><\/a>, Mingerstrasse 6, 3014 Berne<\/p><p><strong>Acc\u00e8s depuis la \u00ab Festhalle \u00bb :\u00a0<br \/><\/strong>Le restaurant ALLMEND se trouve juste en face de la \u00ab Festhalle \u00bb, sur le site BERNEXPO.<\/p><p><strong>Arriv\u00e9e depuis la gare de Berne :\u00a0<br \/><\/strong>Prenez le tram n\u00b0 9 en direction de \u00ab Wankdorf Bahnhof \u00bb et descendez \u00e0 l&rsquo;arr\u00eat \u00ab Guisanplatz \u00bb (env. 12 min.). La restaurant est \u00e0 2 minutes \u00e0 pied de l\u2019arr\u00eat.<\/p>\t\t\t\t\t\t\t\t<\/div>\n\t\t\t\t<\/div>\n\t\t\t\t<div class=\"elementor-element elementor-element-4a5de14b elementor-widget__width-auto elementor-widget elementor-widget-button\" data-id=\"4a5de14b\" data-element_type=\"widget\" data-settings=\"{&quot;grandconference_ext_link_sidemenu&quot;:&quot;false&quot;,&quot;grandconference_ext_link_fullmenu&quot;:&quot;false&quot;,&quot;grandconference_ext_link_closed_fullmenu&quot;:&quot;false&quot;,&quot;grandconference_ext_link_closed_speaker&quot;:&quot;false&quot;,&quot;grandconference_ext_is_sticky&quot;:&quot;false&quot;,&quot;grandconference_ext_is_scrollme&quot;:&quot;false&quot;,&quot;grandconference_ext_is_smoove&quot;:&quot;false&quot;,&quot;grandconference_ext_is_parallax_mouse&quot;:&quot;false&quot;,&quot;grandconference_ext_is_infinite&quot;:&quot;false&quot;,&quot;grandconference_ext_mobile_static&quot;:&quot;false&quot;}\" data-widget_type=\"button.default\">\n\t\t\t\t<div class=\"elementor-widget-container\">\n\t\t\t\t\t\t\t\t\t<div class=\"elementor-button-wrapper\">\n\t\t\t\t\t<a class=\"elementor-button elementor-button-link elementor-size-sm elementor-animation-rotate\" href=\"https:\/\/vstt.ch\/fr\/stt-anmeldung-online\/\">\n\t\t\t\t\t\t<span class=\"elementor-button-content-wrapper\">\n\t\t\t\t\t\t\t\t\t<span class=\"elementor-button-text\">Achetez vos billets maintenant !<\/span>\n\t\t\t\t\t<\/span>\n\t\t\t\t\t<\/a>\n\t\t\t\t<\/div>\n\t\t\t\t\t\t\t\t<\/div>\n\t\t\t\t<\/div>\n\t\t\t\t\t<\/div>\n\t\t<\/div>\n\t\t\t\t\t<\/div>\n\t\t<\/section>\n\t\t\t\t<\/div>\n\t\t","protected":false},"excerpt":{"rendered":"<p>Dinner Party Jeudi, 07 mai 2026 \u2219 18h00Participez \u00e0 la l\u00e9gendaire soir\u00e9e du congr\u00e8s. Laissez-vous g\u00e2ter sur le plan culinaire , profitez du temps pour \u00e9changer avec vos coll\u00e8gues et, apr\u00e8s le d\u00eener, \u00e9coutez et dansez au son de la [&hellip;]<\/p>\n","protected":false},"author":1,"featured_media":0,"parent":0,"menu_order":0,"comment_status":"closed","ping_status":"closed","template":"","meta":{"_monsterinsights_skip_tracking":false,"_monsterinsights_sitenote_active":false,"_monsterinsights_sitenote_note":"","_monsterinsights_sitenote_category":0,"footnotes":""},"class_list":["post-4460","page","type-page","status-publish","hentry"],"_links":{"self":[{"href":"https:\/\/vstt.ch\/fr\/wp-json\/wp\/v2\/pages\/4460","targetHints":{"allow":["GET"]}}],"collection":[{"href":"https:\/\/vstt.ch\/fr\/wp-json\/wp\/v2\/pages"}],"about":[{"href":"https:\/\/vstt.ch\/fr\/wp-json\/wp\/v2\/types\/page"}],"author":[{"embeddable":true,"href":"https:\/\/vstt.ch\/fr\/wp-json\/wp\/v2\/users\/1"}],"replies":[{"embeddable":true,"href":"https:\/\/vstt.ch\/fr\/wp-json\/wp\/v2\/comments?post=4460"}],"version-history":[{"count":156,"href":"https:\/\/vstt.ch\/fr\/wp-json\/wp\/v2\/pages\/4460\/revisions"}],"predecessor-version":[{"id":7173,"href":"https:\/\/vstt.ch\/fr\/wp-json\/wp\/v2\/pages\/4460\/revisions\/7173"}],"wp:attachment":[{"href":"https:\/\/vstt.ch\/fr\/wp-json\/wp\/v2\/media?parent=4460"}],"curies":[{"name":"wp","href":"https:\/\/api.w.org\/{rel}","templated":true}]}}