{"id":4832,"date":"2024-02-21T09:59:45","date_gmt":"2024-02-21T09:59:45","guid":{"rendered":"https:\/\/vstt.ch\/?page_id=4832"},"modified":"2024-02-21T10:00:53","modified_gmt":"2024-02-21T10:00:53","slug":"svk","status":"publish","type":"page","link":"https:\/\/vstt.ch\/fr\/svk\/","title":{"rendered":"SVK"},"content":{"rendered":"\t\t<div data-elementor-type=\"wp-page\" data-elementor-id=\"4832\" class=\"elementor elementor-4832 elementor-4831\">\n\t\t\t\t<div class=\"elementor-element elementor-element-231318f e-flex e-con-boxed e-con e-parent\" data-id=\"231318f\" data-element_type=\"container\" data-settings=\"{&quot;grandconference_ext_is_background_parallax&quot;:&quot;false&quot;,&quot;grandconference_ext_is_background_backdrop&quot;:&quot;false&quot;,&quot;grandconference_ext_is_background_on_scroll&quot;:&quot;false&quot;,&quot;grandconference_ext_link_sidemenu&quot;:&quot;false&quot;,&quot;grandconference_ext_link_fullmenu&quot;:&quot;false&quot;,&quot;grandconference_ext_link_closed_fullmenu&quot;:&quot;false&quot;,&quot;grandconference_ext_link_closed_speaker&quot;:&quot;false&quot;,&quot;grandconference_ext_is_sticky&quot;:&quot;false&quot;,&quot;grandconference_ext_is_scrollme&quot;:&quot;false&quot;,&quot;grandconference_ext_is_smoove&quot;:&quot;false&quot;,&quot;grandconference_ext_is_parallax_mouse&quot;:&quot;false&quot;,&quot;grandconference_ext_is_infinite&quot;:&quot;false&quot;,&quot;grandconference_ext_is_fadeout_animation&quot;:&quot;false&quot;,&quot;grandconference_ext_mobile_static&quot;:&quot;false&quot;}\">\n\t\t\t\t\t<div class=\"e-con-inner\">\n\t\t\t\t<div class=\"elementor-element elementor-element-021d923 elementor-widget elementor-widget-text-editor\" data-id=\"021d923\" data-element_type=\"widget\" data-settings=\"{&quot;grandconference_ext_link_sidemenu&quot;:&quot;false&quot;,&quot;grandconference_ext_link_fullmenu&quot;:&quot;false&quot;,&quot;grandconference_ext_link_closed_fullmenu&quot;:&quot;false&quot;,&quot;grandconference_ext_link_closed_speaker&quot;:&quot;false&quot;,&quot;grandconference_ext_is_sticky&quot;:&quot;false&quot;,&quot;grandconference_ext_is_scrollme&quot;:&quot;false&quot;,&quot;grandconference_ext_is_smoove&quot;:&quot;false&quot;,&quot;grandconference_ext_is_parallax_mouse&quot;:&quot;false&quot;,&quot;grandconference_ext_is_infinite&quot;:&quot;false&quot;,&quot;grandconference_ext_is_fadeout_animation&quot;:&quot;false&quot;,&quot;grandconference_ext_mobile_static&quot;:&quot;false&quot;}\" data-widget_type=\"text-editor.default\">\n\t\t\t\t<div class=\"elementor-widget-container\">\n\t\t\t\t\t\t\t\t\t<h2>SVK: Reproduktionsmedizin<\/h2>\n<p>Sehr geehrte Kongressteilnehmerin,<br \/>sehr geehrter Kongressteilnehmer<\/p>\n<p>Bereits ist ein weiteres spannendes, aber auch f\u00fcr die Tier\u00e4rzteschaft herausforderndes Jahr vor\u00fcber und wir freuen uns Sie wieder zu den Schweizerischen Tier\u00e4rztetagen begr\u00fcssen zu d\u00fcrfen. <br \/>Wie jedes Jahr hat sich der Vorstand der SVK-ASMPA mit den eingereichten Vorschl\u00e4gen und W\u00fcnschen der Mitglieder:innen auseinandergesetzt und sich in diesem Jahr f\u00fcr das Thema Reproduktionsmedizin entschieden. Fragestellungen rund um die Zucht, Fortpflanzung und Reproduktion bei Kleintieren geh\u00f6ren zum Alltag jeder Kleintiermedizinerin und jedes Kleintiermediziners. Und obwohl wir h\u00e4ufig mit diesem Fachgebiet in Ber\u00fchrung kommen, handelt es sich immer wieder um einen Stolperstein in der t\u00e4glichen Praxis. Z\u00fcchterinnen und Z\u00fcchter sind medizinisch sehr interessierte und h\u00e4ufig auch gut informierte Kundschaft und stellen dadurch nicht selten eine grosse Herausforderung dar. Umso mehr ist eine fundierte und sichere Aus- und Fortbildung f\u00fcr jeder Praktikerin und jeden Praktiker essenziell. <br \/>Es ist uns gelungen auch dieses Jahr hochkaratige Referate f\u00fcr Sie zu organisieren, welche den breiten F\u00e4cher der Reproduktionsmedizin widerspiegeln. Von grunds\u00e4tzlichen und ethischen Fragen in der Zucht bis hin zu konkreten Erkrankungen ist einiges dabei. Es freut uns in diesem Zusammenhang auch die neue Zusammensetzung der Abteilung f\u00fcr Kleintierreproduktion des Tierspitals Z\u00fcrich mit dem neuen Abteilungsleiter PD Dr. Sebastian Arlt vorstellen zu k\u00f6nnen. Die Abteilung mit Ihren Mitarbeiterinnen und Mitarbeiter wird einen betr\u00e4chtlichen Anteil der Referate bestreiten. Wie jedes Jahr haben wir mit Frau Dr. Margret Casal und Frau Dr. Beate Walter zwei hochkaratige internationale Referentinnen f\u00fcr unsere Tagung gewinnen k\u00f6nnen. Besonders herausheben m\u00f6chte ich Frau Prof. Iris Reichler. Iris ist seit Jahrzehnten der Inbegriff der Reproduktionsmedizin in der Schweiz. Ich konnte beim Erstellen des Programmes auf ihre Expertise z\u00e4hlen. Herzlichen Dank! <br \/>Weiter zu erw\u00e4hnen ist die interdisziplin\u00e4re Zusammenarbeit mit der SVVLD. Der Donnerstagnachmittag wird durch Referentinnen dieser Sektion bestritten, welche spannende und relevante Aspekte der Reproduktionsmedizin aus ihrer Sicht einbringen werden.<br \/>Wie in der Einleitung kurz erw\u00e4hnt, sind jedoch nicht nur unsere t\u00e4glichen F\u00e4lle und medizinischen Probleme eine Herausforderung, auch das tier\u00e4rztliche Umfeld ist zurzeit sehr agil und unterliegt immer mehr Ver\u00e4nderungen. Dieser Umstand birgt Gefahren, Probleme aber sicher auch interessante neue Chancen. Wie wir seit Jahren immer wieder feststellen, kann die Tier\u00e4rzteschaft sehr viel erreichen, aber wir daf\u00fcr brauchen wir eine gute Zusammenarbeit. Gelegenheiten wie die Schweizerischen Tier\u00e4rztetage diese Zusammenarbeit zu festigen, dar\u00fcber zu diskutieren und neue Ideen zu formulieren, gibt es leider nicht allzu viele. Deshalb gilt es erst recht die Chance zu n\u00fctzen und in Basel nicht nur das vielf\u00e4ltige Angebot der fachlichen Fortbildung zu nutzen, sondern auch die M\u00f6glichkeit in Diskussionen und \u201enetworking\u201c unseren Berufsstand zu st\u00e4rken und Ihm die Zukunft zu schaffen, die er verdient! <br \/>Der Vorstand der SVK-ASMPA freut sich Sie alle in Basel zu treffen, um sich mit Ihnen fachlich aber auch standespolitisch auszutauschen!<\/p>\n<p>Flurin Tschuor<br \/>Dr.med.vet., Dipl. ACVIM &amp; ECVIM-CA<br \/>Verantwortlicher wissenschaftliches Programm SVK<\/p>\n\t\t\t\t\t\t\t\t<\/div>\n\t\t\t\t<\/div>\n\t\t\t\t\t<\/div>\n\t\t\t\t<\/div>\n\t\t\t\t<\/div>\n\t\t","protected":false},"excerpt":{"rendered":"<p>SVK: Reproduktionsmedizin Sehr geehrte Kongressteilnehmerin,sehr geehrter Kongressteilnehmer Bereits ist ein weiteres spannendes, aber auch f\u00fcr die Tier\u00e4rzteschaft herausforderndes Jahr vor\u00fcber und wir freuen uns Sie wieder zu den Schweizerischen Tier\u00e4rztetagen begr\u00fcssen zu d\u00fcrfen. Wie jedes Jahr hat sich der Vorstand [&hellip;]<\/p>\n","protected":false},"author":1,"featured_media":0,"parent":0,"menu_order":0,"comment_status":"closed","ping_status":"closed","template":"","meta":{"_monsterinsights_skip_tracking":false,"_monsterinsights_sitenote_active":false,"_monsterinsights_sitenote_note":"","_monsterinsights_sitenote_category":0,"footnotes":""},"class_list":["post-4832","page","type-page","status-publish","hentry"],"_links":{"self":[{"href":"https:\/\/vstt.ch\/fr\/wp-json\/wp\/v2\/pages\/4832","targetHints":{"allow":["GET"]}}],"collection":[{"href":"https:\/\/vstt.ch\/fr\/wp-json\/wp\/v2\/pages"}],"about":[{"href":"https:\/\/vstt.ch\/fr\/wp-json\/wp\/v2\/types\/page"}],"author":[{"embeddable":true,"href":"https:\/\/vstt.ch\/fr\/wp-json\/wp\/v2\/users\/1"}],"replies":[{"embeddable":true,"href":"https:\/\/vstt.ch\/fr\/wp-json\/wp\/v2\/comments?post=4832"}],"version-history":[{"count":2,"href":"https:\/\/vstt.ch\/fr\/wp-json\/wp\/v2\/pages\/4832\/revisions"}],"predecessor-version":[{"id":4835,"href":"https:\/\/vstt.ch\/fr\/wp-json\/wp\/v2\/pages\/4832\/revisions\/4835"}],"wp:attachment":[{"href":"https:\/\/vstt.ch\/fr\/wp-json\/wp\/v2\/media?parent=4832"}],"curies":[{"name":"wp","href":"https:\/\/api.w.org\/{rel}","templated":true}]}}