{"id":4848,"date":"2024-02-21T10:05:11","date_gmt":"2024-02-21T10:05:11","guid":{"rendered":"https:\/\/vstt.ch\/?page_id=4848"},"modified":"2026-02-09T14:10:44","modified_gmt":"2026-02-09T14:10:44","slug":"svk-3","status":"publish","type":"page","link":"https:\/\/vstt.ch\/fr\/svk-3\/","title":{"rendered":"Journ\u00e9e francophone"},"content":{"rendered":"\t\t<div data-elementor-type=\"wp-page\" data-elementor-id=\"4848\" class=\"elementor elementor-4848 elementor-4847\">\n\t\t\t\t<div class=\"elementor-element elementor-element-231318f e-flex e-con-boxed e-con e-parent\" data-id=\"231318f\" data-element_type=\"container\" data-settings=\"{&quot;grandconference_ext_is_background_parallax&quot;:&quot;false&quot;,&quot;grandconference_ext_is_background_backdrop&quot;:&quot;false&quot;,&quot;grandconference_ext_is_background_on_scroll&quot;:&quot;false&quot;,&quot;grandconference_ext_link_sidemenu&quot;:&quot;false&quot;,&quot;grandconference_ext_link_fullmenu&quot;:&quot;false&quot;,&quot;grandconference_ext_link_closed_fullmenu&quot;:&quot;false&quot;,&quot;grandconference_ext_link_closed_speaker&quot;:&quot;false&quot;,&quot;grandconference_ext_is_sticky&quot;:&quot;false&quot;,&quot;grandconference_ext_is_scrollme&quot;:&quot;false&quot;,&quot;grandconference_ext_is_smoove&quot;:&quot;false&quot;,&quot;grandconference_ext_is_parallax_mouse&quot;:&quot;false&quot;,&quot;grandconference_ext_is_infinite&quot;:&quot;false&quot;,&quot;grandconference_ext_is_fadeout_animation&quot;:&quot;false&quot;,&quot;grandconference_ext_mobile_static&quot;:&quot;false&quot;}\">\n\t\t\t\t\t<div class=\"e-con-inner\">\n\t\t\t\t<div class=\"elementor-element elementor-element-021d923 elementor-widget elementor-widget-text-editor\" data-id=\"021d923\" data-element_type=\"widget\" data-settings=\"{&quot;grandconference_ext_link_sidemenu&quot;:&quot;false&quot;,&quot;grandconference_ext_link_fullmenu&quot;:&quot;false&quot;,&quot;grandconference_ext_link_closed_fullmenu&quot;:&quot;false&quot;,&quot;grandconference_ext_link_closed_speaker&quot;:&quot;false&quot;,&quot;grandconference_ext_is_sticky&quot;:&quot;false&quot;,&quot;grandconference_ext_is_scrollme&quot;:&quot;false&quot;,&quot;grandconference_ext_is_smoove&quot;:&quot;false&quot;,&quot;grandconference_ext_is_parallax_mouse&quot;:&quot;false&quot;,&quot;grandconference_ext_is_infinite&quot;:&quot;false&quot;,&quot;grandconference_ext_is_fadeout_animation&quot;:&quot;false&quot;,&quot;grandconference_ext_mobile_static&quot;:&quot;false&quot;}\" data-widget_type=\"text-editor.default\">\n\t\t\t\t<div class=\"elementor-widget-container\">\n\t\t\t\t\t\t\t\t\t<h2>SVS \/ GST \u2013 Journ\u00e9e francophone<br \/>Jeudi, 7 mai 2026<\/h2><p><strong>La SVS organise pour la 5\u00e8me fois cons\u00e9cutive en collaboration avec les Sections r\u00e9gionales de la Suisse Romande un programme sp\u00e9cial pour les francophones qui aura lieu pendant les Journ\u00e9es suisses des v\u00e9t\u00e9rinaires.<\/strong><\/p><p><strong>Explorez la diversit\u00e9 de la m\u00e9decine v\u00e9t\u00e9rinaire moderne<\/strong><br \/>Cette journ\u00e9e de conf\u00e9rences vous propose un parcours riche \u00e0 travers les multiples dimensions de la pratique v\u00e9t\u00e9rinaire actuelle. Organisation durable du cabinet, innovations th\u00e9rapeutiques, r\u00e9flexions \u00e9thiques et d\u00e9fis du terrain : chaque intervention apporte des outils concrets pour enrichir votre quotidien professionnel.<br \/>Vous d\u00e9couvrirez quand et comment int\u00e9grer la m\u00e9decine alternative, vous apprendrez l\u2019impact des antibiotiques et des antiparasitaires sur l\u2019environnement avec leurs r\u00e9sistances et alternatives, comment choisir la meilleure strat\u00e9gie pour un patient glaucomateux, et quelles approches privil\u00e9gier face \u00e0 une torsion d\u2019estomac chez le chien. Le programme met \u00e9galement en lumi\u00e8re la m\u00e9decine bovine, du diagnostic des mammites bas\u00e9 sur l\u2019antibiogramme aux techniques permettant de simplifier la laparotomie.<br \/><br \/>La journ\u00e9e se cl\u00f4t sur un moment fort :<br \/><strong>Table ronde \u2013 \u201cCastration \u00e9quine : entre science et conscience\u201d<\/strong><br \/>Un \u00e9change essentiel pour aborder les enjeux techniques modernes de la castration chez la jument et l\u2019\u00e9talon et quelles sont les consid\u00e9rations \u00e9thiques et soci\u00e9tales d\u2019une pratique en pleine \u00e9volution. Il offrira un espace d\u2019\u00e9change unique pour r\u00e9fl\u00e9chir ensemble \u00e0 cette probl\u00e9matique.<br \/>Un programme vari\u00e9, actuel et engag\u00e9, con\u00e7u pour stimuler la r\u00e9flexion et renforcer vos comp\u00e9tences.<\/p><p>Fabien Loup <br \/>membre des comit\u00e9s VSTT et SVS<\/p>\t\t\t\t\t\t\t\t<\/div>\n\t\t\t\t<\/div>\n\t\t\t\t\t<\/div>\n\t\t\t\t<\/div>\n\t\t\t\t<\/div>\n\t\t","protected":false},"excerpt":{"rendered":"<p>SVS \/ GST \u2013 Journ\u00e9e francophoneJeudi, 7 mai 2026 La SVS organise pour la 5\u00e8me fois cons\u00e9cutive en collaboration avec les Sections r\u00e9gionales de la Suisse Romande un programme sp\u00e9cial pour les francophones qui aura lieu pendant les Journ\u00e9es suisses [&hellip;]<\/p>\n","protected":false},"author":1,"featured_media":0,"parent":0,"menu_order":0,"comment_status":"closed","ping_status":"closed","template":"","meta":{"_monsterinsights_skip_tracking":false,"_monsterinsights_sitenote_active":false,"_monsterinsights_sitenote_note":"","_monsterinsights_sitenote_category":0,"footnotes":""},"class_list":["post-4848","page","type-page","status-publish","hentry"],"_links":{"self":[{"href":"https:\/\/vstt.ch\/fr\/wp-json\/wp\/v2\/pages\/4848","targetHints":{"allow":["GET"]}}],"collection":[{"href":"https:\/\/vstt.ch\/fr\/wp-json\/wp\/v2\/pages"}],"about":[{"href":"https:\/\/vstt.ch\/fr\/wp-json\/wp\/v2\/types\/page"}],"author":[{"embeddable":true,"href":"https:\/\/vstt.ch\/fr\/wp-json\/wp\/v2\/users\/1"}],"replies":[{"embeddable":true,"href":"https:\/\/vstt.ch\/fr\/wp-json\/wp\/v2\/comments?post=4848"}],"version-history":[{"count":13,"href":"https:\/\/vstt.ch\/fr\/wp-json\/wp\/v2\/pages\/4848\/revisions"}],"predecessor-version":[{"id":7755,"href":"https:\/\/vstt.ch\/fr\/wp-json\/wp\/v2\/pages\/4848\/revisions\/7755"}],"wp:attachment":[{"href":"https:\/\/vstt.ch\/fr\/wp-json\/wp\/v2\/media?parent=4848"}],"curies":[{"name":"wp","href":"https:\/\/api.w.org\/{rel}","templated":true}]}}