{"id":4919,"date":"2024-02-21T12:55:08","date_gmt":"2024-02-21T12:55:08","guid":{"rendered":"https:\/\/vstt.ch\/?page_id=4919"},"modified":"2026-03-26T09:48:23","modified_gmt":"2026-03-26T09:48:23","slug":"svk-8","status":"publish","type":"page","link":"https:\/\/vstt.ch\/fr\/svk-8\/","title":{"rendered":"Sponsors et Exposants"},"content":{"rendered":"\t\t<div data-elementor-type=\"wp-page\" data-elementor-id=\"4919\" class=\"elementor elementor-4919 elementor-4918\">\n\t\t\t\t<div class=\"elementor-element elementor-element-231318f e-flex e-con-boxed e-con e-parent\" data-id=\"231318f\" data-element_type=\"container\" data-settings=\"{&quot;grandconference_ext_is_background_parallax&quot;:&quot;false&quot;,&quot;grandconference_ext_is_background_backdrop&quot;:&quot;false&quot;,&quot;grandconference_ext_is_background_on_scroll&quot;:&quot;false&quot;,&quot;grandconference_ext_link_sidemenu&quot;:&quot;false&quot;,&quot;grandconference_ext_link_fullmenu&quot;:&quot;false&quot;,&quot;grandconference_ext_link_closed_fullmenu&quot;:&quot;false&quot;,&quot;grandconference_ext_link_closed_speaker&quot;:&quot;false&quot;,&quot;grandconference_ext_is_sticky&quot;:&quot;false&quot;,&quot;grandconference_ext_is_scrollme&quot;:&quot;false&quot;,&quot;grandconference_ext_is_smoove&quot;:&quot;false&quot;,&quot;grandconference_ext_is_parallax_mouse&quot;:&quot;false&quot;,&quot;grandconference_ext_is_infinite&quot;:&quot;false&quot;,&quot;grandconference_ext_is_fadeout_animation&quot;:&quot;false&quot;,&quot;grandconference_ext_mobile_static&quot;:&quot;false&quot;}\">\n\t\t\t\t\t<div class=\"e-con-inner\">\n\t\t\t\t<div class=\"elementor-element elementor-element-021d923 elementor-widget elementor-widget-text-editor\" data-id=\"021d923\" data-element_type=\"widget\" data-settings=\"{&quot;grandconference_ext_link_sidemenu&quot;:&quot;false&quot;,&quot;grandconference_ext_link_fullmenu&quot;:&quot;false&quot;,&quot;grandconference_ext_link_closed_fullmenu&quot;:&quot;false&quot;,&quot;grandconference_ext_link_closed_speaker&quot;:&quot;false&quot;,&quot;grandconference_ext_is_sticky&quot;:&quot;false&quot;,&quot;grandconference_ext_is_scrollme&quot;:&quot;false&quot;,&quot;grandconference_ext_is_smoove&quot;:&quot;false&quot;,&quot;grandconference_ext_is_parallax_mouse&quot;:&quot;false&quot;,&quot;grandconference_ext_is_infinite&quot;:&quot;false&quot;,&quot;grandconference_ext_is_fadeout_animation&quot;:&quot;false&quot;,&quot;grandconference_ext_mobile_static&quot;:&quot;false&quot;}\" data-widget_type=\"text-editor.default\">\n\t\t\t\t<div class=\"elementor-widget-container\">\n\t\t\t\t\t\t\t\t\t<h1>Sponsors et Exposants 2026<\/h1><p>Nous remercions les entreprises suivantes pour leur soutien financier :<\/p><p><a href=\"http:\/\/www.oblonvet.com\">Amacker&amp;Partner Informatik AG<\/a><br \/><a href=\"https:\/\/www.animals-solutions.ch\/animals-solutions\">Animals Solutions S\u00e0rl<\/a><br \/><a href=\"https:\/\/www.scilvet.de\/\" target=\"_blank\" rel=\"noopener\">Antech Diagnostics Switzerland AG<\/a><br \/><a href=\"https:\/\/www.arovet.ch\/fr\/\" target=\"_blank\" rel=\"noopener\">Arovet AG<\/a><br \/><a href=\"https:\/\/www.biokema.ch\" target=\"_blank\" rel=\"noopener\">Biokema AG<\/a><br \/><a href=\"https:\/\/vetcenter.purina.ch\/fr\">Biokema SA &#8211; Purina<\/a><br \/><a href=\"https:\/\/www.blv.admin.ch\/blv\/fr\/home.html\">Bundesamt f\u00fcr Lebensmittelsicherheit und Veterin\u00e4rwesen BLV<\/a><br \/><a href=\"https:\/\/www.boehringer-ingelheim.com\/ch\">Boehringer Ingelheim (Schweiz) GmbH<\/a><br \/><a href=\"https:\/\/www.briggenmedical.ch\/\">Briggen Medical<\/a><br \/><a href=\"http:\/\/www.bsi-vet.com\/\">BSI Software<\/a><br \/><a href=\"https:\/\/fr.pet.calingo.ch\/\" target=\"_blank\" rel=\"noopener\">Calingo Insurance AG<\/a><br \/><a href=\"https:\/\/www.co.vet\/fr\">CoVet<\/a><br \/><a href=\"https:\/\/fr.covetrus.ch\/\" target=\"_blank\" rel=\"noopener\">Covetrus<\/a><br \/><a href=\"https:\/\/www.dechra.fr\/?geo=CH\">Dechra Veterinary Products Suisse GmbH<\/a><br \/><a href=\"https:\/\/diana.ch\/FR\/contact.aspx\" target=\"_blank\" rel=\"noopener\">Diana Software AG<\/a><br \/><a href=\"https:\/\/www.dicentra.ch\/fr\/\">Dicentra AG<\/a><br \/><a href=\"https:\/\/www.daev.ch\/fr\/\">Die \u00c4rzteversicherer<\/a><a href=\"http:\/\/www.dicentra.ch\" target=\"_blank\" rel=\"noopener\"><br \/><\/a><a href=\"https:\/\/digitalxray.ch\/produkteuebersicht\/veterinaermedizin\/\" target=\"_blank\" rel=\"noopener\">Digitalxray AG<\/a><br \/><a href=\"https:\/\/www.graeub.com\/fr\/livisto\/\" target=\"_blank\" rel=\"noopener\">Dr. E. Graeub AG<\/a><br \/><a href=\"https:\/\/www.schweizer-roentgen.ch\/fr\" target=\"_blank\" rel=\"noopener\">E. Schweizer AG<\/a><br \/><a href=\"https:\/\/www.eickemeyer.ch\/\">Eickemeyer Medizintechnik f\u00fcr Tier\u00e4rzte AG<\/a><br \/><a href=\"https:\/\/www.elanco.com\/fr-fr\" target=\"_blank\" rel=\"noopener\">Elanco Tiergesundheit AG<\/a><br \/><a href=\"http:\/\/www.FarmaMondo.com\">FarmaMondo Group<\/a><br \/><a href=\"https:\/\/www.farmina.com\/ch_fr\">Farmina Switzerland GmbH<\/a><br \/><a href=\"http:\/\/martina-schwegler.bemergroup.com\">Gesundheit f\u00fcr Mensch und Tier<\/a><br \/><a href=\"https:\/\/helvetiera.ch\/fr\/\" target=\"_blank\" rel=\"noopener\">Helvetiera<\/a><br \/><a href=\"https:\/\/www.hillsvet.ch\" target=\"_blank\" rel=\"noopener\">Hill&rsquo;s Pet Nutrition GmbH<\/a><br \/><a href=\"https:\/\/www.idexx.fr\/fr\/\" target=\"_blank\" rel=\"noopener\">IDEXX Diavet AG<\/a><br \/><a href=\"http:\/\/www.indulab.ch\">indulab<\/a><br \/><a href=\"https:\/\/inuvet.com\/fr\" target=\"_blank\" rel=\"noopener\">inuvet AG<\/a><br \/><a href=\"https:\/\/invetica.ch\/fr\/\">INVETICA AG<\/a><br \/><a href=\"https:\/\/ivcevidensia.ch\/fr\/\">IVC Evidensia Schweiz AG<\/a><br \/><a href=\"http:\/\/www.kabe-labortechnik.de\">KABE LABORTECHNIK GmbH<\/a><br \/><a href=\"https:\/\/www.karlstorz.com\/de\/fr\">KARL STORZ Endoskope Schweiz AG<\/a><br \/><a href=\"https:\/\/laboklin.com\/ch-fr\/\" target=\"_blank\" rel=\"noopener\">LABOKLIN GmbH &amp; Co. KG &#8211; Filiale Basel<\/a><br \/><a href=\"https:\/\/www.laborvet.ch\/\" target=\"_blank\" rel=\"noopener\">laboRvet AG<\/a><br \/><a href=\"http:\/\/www.happydog.ch\">Luginb\u00fchl Tiernahrung GmbH<\/a><br \/><a href=\"https:\/\/markmichel.ch\/\">Mark &amp; Michel AG<\/a><br \/><a href=\"https:\/\/www.medical-solution.ch\/\" target=\"_blank\" rel=\"noopener\">medical solution gmbh<\/a><br \/><a href=\"http:\/\/www.meditron.ch\">Meditron SA<\/a><br \/><a href=\"http:\/\/www.medserve.ch\">medserve AG<\/a><br \/><a href=\"https:\/\/www.megacor.at\/veterinary.html\">MEGACOR Diagnostik GmbH<\/a><br \/><a href=\"https:\/\/meikovet.ch\/\" target=\"_blank\" rel=\"noopener\">MeikoVet AG<\/a><br \/><a href=\"https:\/\/www.mfvet.ch\/fr\">MF Group AG<\/a><br \/><a href=\"https:\/\/fr.msd-animal-health.ch\/\" target=\"_blank\" rel=\"noopener\">MSD Animal Health<\/a><br \/><a href=\"https:\/\/www.newvetline.com\/fr\/\" target=\"_blank\" rel=\"noopener\">New Vetline Sagl<\/a><br \/><a href=\"https:\/\/nextmune.com\/fr\/\">Nextmune B. V.<\/a><br \/><a href=\"https:\/\/aveto.ch\/\">P12 Medical GmbH<\/a><br \/><a href=\"https:\/\/www.pathovet.ch\/index_fr.html\" target=\"_blank\" rel=\"noopener\">PathoVet AG<\/a><br \/><a href=\"http:\/\/www.physia.de\">PHYSIA GMBH<\/a><br \/><a href=\"https:\/\/www.herosan.eu\">REPLOID Schweiz AG<\/a><br \/><a href=\"https:\/\/www.roentgen-service.ch\/fr\/\">R\u00f6ntgen Service AG<\/a><br \/><a href=\"https:\/\/www.rosengarten-tierkrematorium.ch\/fr\/\">ROSENGARTEN-Tierkrematorium<\/a><br \/><a href=\"http:\/\/www.royalcanin.com\/ch\/fr-ch\">ROYAL CANIN (Schweiz) AG<\/a><br \/><a href=\"http:\/\/www.schenkx.ch\/\" target=\"_blank\" rel=\"noopener\">Schenk R\u00f6ntgenbedarf AG<\/a><br \/><a href=\"https:\/\/svtpt.ch\/fr\/home\">Schweizerischer Verband f\u00fcr Tierphysiotherapie SVTPT<\/a><br \/><a href=\"https:\/\/www.spiromed.ch\/\">Spiromed AG<\/a><br \/><a href=\"https:\/\/spitz.vet\/en\/\">SPiTZ Vet Care GmbH<\/a><br \/><a href=\"https:\/\/streuli-tiergesundheit.ch\/fr\" target=\"_blank\" rel=\"noopener\">Streuli Tiergesundheit AG<\/a><br \/><a href=\"https:\/\/www.suisselab.ch\/fr\/\">Suisselab AG Zollikofen<\/a><br \/><a href=\"https:\/\/www.swissendocare.ch\/\">SWISS ENDO CARE GMBH<\/a><br \/><a href=\"https:\/\/www.swissmedic.ch\/swissmedic\/fr\/home.html\">Swissmedic<\/a><br \/><a href=\"http:\/\/www.tvs-ogv.ch\">Tier\u00e4rztliche Verrechnungsstelle GST AG<\/a><br \/><a href=\"https:\/\/www.tierkrematorium.ch\/\" target=\"_blank\" rel=\"noopener\">Tierkrematorium Schweiz AG<\/a><br \/><a href=\"http:\/\/www.ufamed.ch\/fr\/\">ufamed AG<\/a><br \/><a href=\"https:\/\/vphi.unibe.ch\/continuing_education\/certificate_of_advanced_studies_in_one_health\/index_eng.html\">Universit\u00e4t Bern &#8211; VPHI<\/a><br \/><a href=\"http:\/\/www.vetartis.ch\/fr\">VETARTIS AG<\/a><a href=\"http:\/\/www.vetalab.de\/\" target=\"_blank\" rel=\"noopener\"><br \/><\/a><a href=\"https:\/\/www.vet-concept.ch\/\" target=\"_blank\" rel=\"noopener\">Vet-Concept Schweiz AG<\/a><br \/><a href=\"https:\/\/www.vetmedcare.net\/\" target=\"_blank\" rel=\"noopener\">VetMedCare by Zaza Textill\u00f6sungen GmbH<\/a><br \/><a href=\"https:\/\/www.vetoquinol.ch\/fr\">Vetoquinol AG<\/a><br \/><a href=\"http:\/\/www.vetQM.ch\">vetQM GmbH<\/a><br \/><a href=\"http:\/\/www.vettrust.ch\" target=\"_blank\" rel=\"noopener\">VetTrust AG<\/a><br \/><a href=\"http:\/\/www.vetwelding.com\">VetWelding AG<\/a><a href=\"http:\/\/www.vetz.vet\/de-de\" target=\"_blank\" rel=\"noopener\"><br \/><\/a><a href=\"https:\/\/ch.virbac.com\/fr\/home.html\" target=\"_blank\" rel=\"noopener\">Virbac Schweiz AG<\/a><br \/><a href=\"http:\/\/www.waldmann.com\">Waldmann Lichttechnik GmbH<\/a><br \/><a href=\"http:\/\/www2.zoetis.ch\/fr\/\" target=\"_blank\" rel=\"noopener\">Zoetis Schweiz GmbH<\/a><\/p><p>\u00e9tat : 05.03.2026<\/p>\t\t\t\t\t\t\t\t<\/div>\n\t\t\t\t<\/div>\n\t\t\t\t\t<\/div>\n\t\t\t\t<\/div>\n\t\t\t\t<\/div>\n\t\t","protected":false},"excerpt":{"rendered":"<p>Sponsors et Exposants 2026 Nous remercions les entreprises suivantes pour leur soutien financier : Amacker&amp;Partner Informatik AGAnimals Solutions S\u00e0rlAntech Diagnostics Switzerland AGArovet AGBiokema AGBiokema SA &#8211; PurinaBundesamt f\u00fcr Lebensmittelsicherheit und Veterin\u00e4rwesen BLVBoehringer Ingelheim (Schweiz) GmbHBriggen MedicalBSI SoftwareCalingo Insurance AGCoVetCovetrusDechra Veterinary [&hellip;]<\/p>\n","protected":false},"author":1,"featured_media":0,"parent":0,"menu_order":0,"comment_status":"open","ping_status":"closed","template":"","meta":{"_monsterinsights_skip_tracking":false,"_monsterinsights_sitenote_active":false,"_monsterinsights_sitenote_note":"","_monsterinsights_sitenote_category":0,"footnotes":""},"class_list":["post-4919","page","type-page","status-publish","hentry"],"_links":{"self":[{"href":"https:\/\/vstt.ch\/fr\/wp-json\/wp\/v2\/pages\/4919","targetHints":{"allow":["GET"]}}],"collection":[{"href":"https:\/\/vstt.ch\/fr\/wp-json\/wp\/v2\/pages"}],"about":[{"href":"https:\/\/vstt.ch\/fr\/wp-json\/wp\/v2\/types\/page"}],"author":[{"embeddable":true,"href":"https:\/\/vstt.ch\/fr\/wp-json\/wp\/v2\/users\/1"}],"replies":[{"embeddable":true,"href":"https:\/\/vstt.ch\/fr\/wp-json\/wp\/v2\/comments?post=4919"}],"version-history":[{"count":361,"href":"https:\/\/vstt.ch\/fr\/wp-json\/wp\/v2\/pages\/4919\/revisions"}],"predecessor-version":[{"id":8336,"href":"https:\/\/vstt.ch\/fr\/wp-json\/wp\/v2\/pages\/4919\/revisions\/8336"}],"wp:attachment":[{"href":"https:\/\/vstt.ch\/fr\/wp-json\/wp\/v2\/media?parent=4919"}],"curies":[{"name":"wp","href":"https:\/\/api.w.org\/{rel}","templated":true}]}}